{"id":310,"date":"2025-08-28T16:31:33","date_gmt":"2025-08-28T16:31:33","guid":{"rendered":"https:\/\/sunbaufiber.com\/?page_id=310"},"modified":"2025-10-08T22:29:57","modified_gmt":"2025-10-08T22:29:57","slug":"datenschutz","status":"publish","type":"page","link":"https:\/\/sunbaufiber.com\/en\/datenschutz\/","title":{"rendered":"Datenschutz"},"content":{"rendered":"<style>.elementor-310 .elementor-element.elementor-element-2ce1086{--display:flex;}<\/style>\t\t<div data-elementor-type=\"wp-page\" data-elementor-id=\"310\" class=\"elementor elementor-310\" data-elementor-post-type=\"page\">\n\t\t\t\t<div class=\"elementor-element elementor-element-2ce1086 e-flex e-con-boxed e-con e-parent\" data-id=\"2ce1086\" data-element_type=\"container\" data-e-type=\"container\">\n\t\t\t\t\t<div class=\"e-con-inner\">\n\t\t\t\t<div class=\"elementor-element elementor-element-5e39a24 elementor-widget elementor-widget-text-editor\" data-id=\"5e39a24\" data-element_type=\"widget\" data-e-type=\"widget\" data-widget_type=\"text-editor.default\">\n\t\t\t\t\t\t\t\t\t<div class=\"elementor-element elementor-element-f814c46 elementor-widget elementor-widget-heading\" data-id=\"f814c46\" data-element_type=\"widget\" data-widget_type=\"heading.default\"><div class=\"elementor-widget-container\"><h5 class=\"elementor-heading-title elementor-size-default\">\u00a0<\/h5><\/div><\/div><div class=\"elementor-element elementor-element-51292c6 elementor-widget elementor-widget-text-editor\" data-id=\"51292c6\" data-element_type=\"widget\" data-widget_type=\"text-editor.default\"><div class=\"elementor-widget-container\"><h2 data-start=\"265\" data-end=\"300\">1. Datenschutz Auf Einen Blick<\/h2><p data-start=\"302\" data-end=\"693\"><strong data-start=\"302\" data-end=\"325\">Allgemeine Hinweise<\/strong><br data-start=\"325\" data-end=\"328\" \/>Die folgenden Hinweise geben einen einfachen \u00dcberblick dar\u00fcber, was mit Ihren personenbezogenen Daten passiert, wenn Sie unsere Website besuchen. Personenbezogene Daten sind alle Daten, mit denen Sie pers\u00f6nlich identifiziert werden k\u00f6nnen. Ausf\u00fchrliche Informationen zum Thema Datenschutz entnehmen Sie unserer unter diesem Text aufgef\u00fchrten Datenschutzerkl\u00e4rung.<\/p><p data-start=\"695\" data-end=\"953\"><strong data-start=\"695\" data-end=\"733\">Datenerfassung auf unserer Website<\/strong><br data-start=\"733\" data-end=\"736\" \/>Wer ist verantwortlich f\u00fcr die Datenerfassung auf dieser Website?<br data-start=\"801\" data-end=\"804\" \/>Die Datenverarbeitung auf dieser Website erfolgt durch den Websitebetreiber. Dessen Kontaktdaten k\u00f6nnen Sie dem Impressum dieser Website entnehmen.<\/p><p data-start=\"955\" data-end=\"985\">Wie erfassen wir Ihre Daten?<\/p><ul data-start=\"986\" data-end=\"1252\"><li data-start=\"986\" data-end=\"1097\"><p data-start=\"988\" data-end=\"1097\">Ihre Daten werden zum einen dadurch erhoben, dass Sie uns diese mitteilen (z. B. \u00fcber ein Kontaktformular).<\/p><\/li><li data-start=\"1098\" data-end=\"1252\"><p data-start=\"1100\" data-end=\"1252\">Andere Daten werden automatisch beim Besuch der Website durch unsere IT-Systeme erfasst (z. B. Browsertyp, Betriebssystem, Uhrzeit des Seitenaufrufs).<\/p><\/li><\/ul><p data-start=\"1254\" data-end=\"1284\">Wof\u00fcr nutzen wir Ihre Daten?<\/p><ul data-start=\"1285\" data-end=\"1463\"><li data-start=\"1285\" data-end=\"1386\"><p data-start=\"1287\" data-end=\"1386\">Ein Teil der Daten wird erhoben, um eine fehlerfreie Bereitstellung der Website zu gew\u00e4hrleisten.<\/p><\/li><li data-start=\"1387\" data-end=\"1463\"><p data-start=\"1389\" data-end=\"1463\">Andere Daten k\u00f6nnen zur Analyse Ihres Nutzerverhaltens verwendet werden.<\/p><\/li><\/ul><p data-start=\"1465\" data-end=\"1513\">Welche Rechte haben Sie bez\u00fcglich Ihrer Daten?<\/p><ul data-start=\"1514\" data-end=\"1983\"><li data-start=\"1514\" data-end=\"1663\"><p data-start=\"1516\" data-end=\"1663\">Sie haben jederzeit das Recht, unentgeltlich Auskunft \u00fcber Herkunft, Empf\u00e4nger und Zweck Ihrer gespeicherten personenbezogenen Daten zu erhalten.<\/p><\/li><li data-start=\"1664\" data-end=\"1751\"><p data-start=\"1666\" data-end=\"1751\">Sie haben au\u00dferdem ein Recht auf Berichtigung, Sperrung oder L\u00f6schung dieser Daten.<\/p><\/li><li data-start=\"1752\" data-end=\"1893\"><p data-start=\"1754\" data-end=\"1893\">Hierzu sowie zu weiteren Fragen zum Thema Datenschutz k\u00f6nnen Sie sich jederzeit unter der im Impressum angegebenen Adresse an uns wenden.<\/p><\/li><li data-start=\"1894\" data-end=\"1983\"><p data-start=\"1896\" data-end=\"1983\">Des Weiteren steht Ihnen ein Beschwerderecht bei der zust\u00e4ndigen Aufsichtsbeh\u00f6rde zu.<\/p><\/li><\/ul><p data-start=\"1985\" data-end=\"2226\">Au\u00dferdem haben Sie das Recht, unter bestimmten Umst\u00e4nden die Einschr\u00e4nkung der Verarbeitung Ihrer personenbezogenen Daten zu verlangen. Details hierzu entnehmen Sie der Datenschutzerkl\u00e4rung unter \u201eRecht auf Einschr\u00e4nkung der Verarbeitung\u201c.<\/p><p data-start=\"2228\" data-end=\"2528\"><strong data-start=\"2228\" data-end=\"2274\">Analyse-Tools und Tools von Drittanbietern<\/strong><br data-start=\"2274\" data-end=\"2277\" \/>Beim Besuch unserer Website kann Ihr Surf-Verhalten statistisch ausgewertet werden. Das geschieht vor allem mit Cookies und mit Analyseprogrammen. Die Analyse erfolgt in der Regel anonym; das Surf-Verhalten kann nicht zu Ihnen zur\u00fcckverfolgt werden.<\/p><p data-start=\"2530\" data-end=\"2659\">Sie k\u00f6nnen dieser Analyse widersprechen. \u00dcber die Widerspruchsm\u00f6glichkeiten informieren wir Sie in dieser Datenschutzerkl\u00e4rung.<\/p><hr data-start=\"2661\" data-end=\"2664\" \/><h2 data-start=\"2666\" data-end=\"2718\">2. Allgemeine Hinweise und Pflichtinformationen<\/h2><p data-start=\"2720\" data-end=\"2970\"><strong data-start=\"2720\" data-end=\"2735\">Datenschutz<\/strong><br data-start=\"2735\" data-end=\"2738\" \/>Die Betreiber dieser Seiten nehmen den Schutz Ihrer pers\u00f6nlichen Daten sehr ernst. Wir behandeln Ihre personenbezogenen Daten vertraulich und entsprechend der gesetzlichen Datenschutzvorschriften sowie dieser Datenschutzerkl\u00e4rung.<\/p><p data-start=\"2972\" data-end=\"3080\"><strong data-start=\"2972\" data-end=\"3011\">Hinweis zur verantwortlichen Stelle<\/strong><br data-start=\"3011\" data-end=\"3014\" \/>Verantwortlich f\u00fcr die Datenverarbeitung auf dieser Website ist:<\/p><p data-start=\"3082\" data-end=\"3197\">Perfecta Bau &amp; Dienste<br data-start=\"3104\" data-end=\"3107\" \/>Cosimastra\u00dfe 121<br data-start=\"3123\" data-end=\"3126\" \/>81925 M\u00fcnchen<br data-start=\"3139\" data-end=\"3142\" \/>Tel.: +49 12 34 456789<br data-start=\"3164\" data-end=\"3167\" \/>E-Mail:\u00a0<a class=\"decorated-link cursor-pointer\" rel=\"noopener\" data-start=\"3175\" data-end=\"3195\">info@perfecta-bau.de<\/a><\/p><p data-start=\"3199\" data-end=\"3447\"><strong data-start=\"3199\" data-end=\"3252\">Widerruf Ihrer Einwilligung zur Datenverarbeitung<\/strong><br data-start=\"3252\" data-end=\"3255\" \/>Viele Datenverarbeitungsvorg\u00e4nge sind nur mit Ihrer Einwilligung m\u00f6glich. Sie k\u00f6nnen eine bereits erteilte Einwilligung jederzeit widerrufen. Dazu reicht eine formlose Mitteilung per E-Mail.<\/p><p data-start=\"3449\" data-end=\"3635\"><strong data-start=\"3449\" data-end=\"3506\">Widerspruchsrecht gegen Direktwerbung (Art. 21 DSGVO)<\/strong><br data-start=\"3506\" data-end=\"3509\" \/>Sie haben jederzeit das Recht, der Verarbeitung Ihrer personenbezogenen Daten zum Zwecke der Direktwerbung zu widersprechen.<\/p><p data-start=\"3637\" data-end=\"3815\"><strong data-start=\"3637\" data-end=\"3693\">Beschwerderecht bei der zust\u00e4ndigen Aufsichtsbeh\u00f6rde<\/strong><br data-start=\"3693\" data-end=\"3696\" \/>Im Falle von Verst\u00f6\u00dfen gegen die DSGVO steht Betroffenen ein Beschwerderecht bei der zust\u00e4ndigen Aufsichtsbeh\u00f6rde zu.<\/p><p data-start=\"3817\" data-end=\"4008\"><strong data-start=\"3817\" data-end=\"3851\">Recht auf Daten\u00fcbertragbarkeit<\/strong><br data-start=\"3851\" data-end=\"3854\" \/>Sie haben das Recht, Daten, die wir automatisiert verarbeiten, an sich oder an Dritte in einem g\u00e4ngigen, maschinenlesbaren Format aush\u00e4ndigen zu lassen.<\/p><p data-start=\"4010\" data-end=\"4211\"><strong data-start=\"4010\" data-end=\"4043\">SSL- bzw. TLS-Verschl\u00fcsselung<\/strong><br data-start=\"4043\" data-end=\"4046\" \/>Diese Seite nutzt aus Sicherheitsgr\u00fcnden eine SSL- bzw. TLS-Verschl\u00fcsselung. Eine verschl\u00fcsselte Verbindung erkennen Sie an dem Schloss-Symbol in der Browserzeile.<\/p><hr data-start=\"4213\" data-end=\"4216\" \/><h2 data-start=\"4218\" data-end=\"4260\">3. Datenerfassung auf unserer Website<\/h2><p data-start=\"4262\" data-end=\"4473\"><strong data-start=\"4262\" data-end=\"4273\">Cookies<\/strong><br data-start=\"4273\" data-end=\"4276\" \/>Unsere Internetseiten verwenden Cookies. Sie dienen dazu, unser Angebot nutzerfreundlicher, effektiver und sicherer zu machen. Sie k\u00f6nnen Cookies in den Einstellungen Ihres Browsers deaktivieren.<\/p><p data-start=\"4475\" data-end=\"4628\"><strong data-start=\"4475\" data-end=\"4497\">Server-Log-Dateien<\/strong><br data-start=\"4497\" data-end=\"4500\" \/>Der Provider unserer Seiten erhebt und speichert automatisch Informationen, die Ihr Browser automatisch \u00fcbermittelt, darunter:<\/p><ul data-start=\"4629\" data-end=\"4794\"><li data-start=\"4629\" data-end=\"4662\"><p data-start=\"4631\" data-end=\"4662\">Browsertyp und Browserversion<\/p><\/li><li data-start=\"4663\" data-end=\"4693\"><p data-start=\"4665\" data-end=\"4693\">verwendetes Betriebssystem<\/p><\/li><li data-start=\"4694\" data-end=\"4710\"><p data-start=\"4696\" data-end=\"4710\">Referrer URL<\/p><\/li><li data-start=\"4711\" data-end=\"4749\"><p data-start=\"4713\" data-end=\"4749\">Hostname des zugreifenden Rechners<\/p><\/li><li data-start=\"4750\" data-end=\"4779\"><p data-start=\"4752\" data-end=\"4779\">Uhrzeit der Serveranfrage<\/p><\/li><li data-start=\"4780\" data-end=\"4794\"><p data-start=\"4782\" data-end=\"4794\">IP-Adresse<\/p><\/li><\/ul><p data-start=\"4796\" data-end=\"5012\"><strong data-start=\"4796\" data-end=\"4815\">Kontaktformular<\/strong><br data-start=\"4815\" data-end=\"4818\" \/>Wenn Sie uns per Kontaktformular Anfragen senden, werden Ihre Angaben zwecks Bearbeitung und f\u00fcr Anschlussfragen bei uns gespeichert. Diese Daten geben wir nicht ohne Ihre Einwilligung weiter.<\/p><hr data-start=\"5014\" data-end=\"5017\" \/><h2 data-start=\"5019\" data-end=\"5040\">4. Analyse-Tools<\/h2><p data-start=\"5042\" data-end=\"5192\"><strong data-start=\"5042\" data-end=\"5062\">Google Analytics<\/strong><br data-start=\"5062\" data-end=\"5065\" \/>Diese Website nutzt Google Analytics. Anbieter ist die Google Ireland Limited, Gordon House, Barrow Street, Dublin 4, Irland.<\/p><p data-start=\"5194\" data-end=\"5331\">Wir haben die IP-Anonymisierung aktiviert. Dadurch wird Ihre IP-Adresse innerhalb der EU gek\u00fcrzt, bevor sie in die USA \u00fcbertragen wird.<\/p><p data-start=\"5333\" data-end=\"5497\">Sie k\u00f6nnen die Erfassung Ihrer Daten durch Google Analytics verhindern, indem Sie auf folgenden Link klicken:<br data-start=\"5442\" data-end=\"5445\" \/><img decoding=\"async\" class=\"emoji\" role=\"img\" draggable=\"false\" src=\"https:\/\/s.w.org\/images\/core\/emoji\/16.0.1\/svg\/1f449.svg\" alt=\"\ud83d\udc49\" \/>\u00a0Google Analytics deaktivieren (Opt-Out-Cookie).<\/p><p data-start=\"5499\" data-end=\"5634\">Weitere Infos:\u00a0<a class=\"decorated-link\" href=\"https:\/\/support.google.com\/analytics\/answer\/6004245?hl=de&amp;utm_source=chatgpt.com\" target=\"_new\" rel=\"noopener\" data-start=\"5514\" data-end=\"5632\">https:\/\/support.google.com\/analytics\/answer\/6004245?hl=de<\/a><\/p><hr data-start=\"5636\" data-end=\"5639\" \/><h2 data-start=\"5641\" data-end=\"5666\">5. Plugins und Tools<\/h2><p data-start=\"5668\" data-end=\"5837\"><strong data-start=\"5668\" data-end=\"5683\">Google Maps<\/strong><br data-start=\"5683\" data-end=\"5686\" \/>Diese Seite nutzt \u00fcber eine API den Kartendienst Google Maps. Anbieter ist die Google Ireland Limited, Gordon House, Barrow Street, Dublin 4, Irland.<\/p><p data-start=\"5839\" data-end=\"5990\">Zur Nutzung von Google Maps ist es notwendig, Ihre IP-Adresse zu speichern. Diese wird in der Regel an einen Server von Google in die USA \u00fcbertragen.<\/p><p data-start=\"5992\" data-end=\"6158\">Weitere Informationen finden Sie in der Datenschutzerkl\u00e4rung von Google:<br data-start=\"6064\" data-end=\"6067\" \/><img decoding=\"async\" class=\"emoji\" role=\"img\" draggable=\"false\" src=\"https:\/\/s.w.org\/images\/core\/emoji\/16.0.1\/svg\/1f449.svg\" alt=\"\ud83d\udc49\" \/>\u00a0<a class=\"decorated-link cursor-pointer\" target=\"_new\" rel=\"noopener\" data-start=\"6070\" data-end=\"6156\">https:\/\/policies.google.com\/privacy?hl=de<\/a><\/p><\/div><\/div>\t\t\t\t\t\t\t\t<\/div>\n\t\t\t\t\t<\/div>\n\t\t\t\t<\/div>\n\t\t\t\t<\/div>","protected":false},"excerpt":{"rendered":"<p>\u00a0 1. Datenschutz Auf Einen Blick Allgemeine HinweiseDie folgenden Hinweise geben einen einfachen \u00dcberblick dar\u00fcber, was mit Ihren personenbezogenen Daten passiert, wenn Sie unsere Website besuchen. Personenbezogene Daten sind alle Daten, mit denen Sie pers\u00f6nlich identifiziert werden k\u00f6nnen. Ausf\u00fchrliche Informationen zum Thema Datenschutz entnehmen Sie unserer unter diesem Text aufgef\u00fchrten Datenschutzerkl\u00e4rung. Datenerfassung auf unserer WebsiteWer [&hellip;]<\/p>\n","protected":false},"author":1,"featured_media":0,"parent":0,"menu_order":0,"comment_status":"closed","ping_status":"closed","template":"","meta":{"footnotes":""},"class_list":["post-310","page","type-page","status-publish","hentry"],"_links":{"self":[{"href":"https:\/\/sunbaufiber.com\/en\/wp-json\/wp\/v2\/pages\/310","targetHints":{"allow":["GET"]}}],"collection":[{"href":"https:\/\/sunbaufiber.com\/en\/wp-json\/wp\/v2\/pages"}],"about":[{"href":"https:\/\/sunbaufiber.com\/en\/wp-json\/wp\/v2\/types\/page"}],"author":[{"embeddable":true,"href":"https:\/\/sunbaufiber.com\/en\/wp-json\/wp\/v2\/users\/1"}],"replies":[{"embeddable":true,"href":"https:\/\/sunbaufiber.com\/en\/wp-json\/wp\/v2\/comments?post=310"}],"version-history":[{"count":3,"href":"https:\/\/sunbaufiber.com\/en\/wp-json\/wp\/v2\/pages\/310\/revisions"}],"predecessor-version":[{"id":1243,"href":"https:\/\/sunbaufiber.com\/en\/wp-json\/wp\/v2\/pages\/310\/revisions\/1243"}],"wp:attachment":[{"href":"https:\/\/sunbaufiber.com\/en\/wp-json\/wp\/v2\/media?parent=310"}],"curies":[{"name":"wp","href":"https:\/\/api.w.org\/{rel}","templated":true}]}}