{"id":305,"date":"2025-08-28T16:22:16","date_gmt":"2025-08-28T16:22:16","guid":{"rendered":"https:\/\/sunbaufiber.com\/?page_id=305"},"modified":"2025-09-23T15:41:04","modified_gmt":"2025-09-23T15:41:04","slug":"impressum","status":"publish","type":"page","link":"https:\/\/sunbaufiber.com\/en\/impressum\/","title":{"rendered":"Imprint"},"content":{"rendered":"<style>.elementor-305 .elementor-element.elementor-element-ea3e87e{--display:flex;}<\/style>\t\t<div data-elementor-type=\"wp-page\" data-elementor-id=\"305\" class=\"elementor elementor-305\" data-elementor-post-type=\"page\">\n\t\t\t\t<div class=\"elementor-element elementor-element-ea3e87e e-flex e-con-boxed e-con e-parent\" data-id=\"ea3e87e\" data-element_type=\"container\" data-e-type=\"container\">\n\t\t\t\t\t<div class=\"e-con-inner\">\n\t\t\t\t<div class=\"elementor-element elementor-element-528c982 elementor-widget elementor-widget-text-editor\" data-id=\"528c982\" data-element_type=\"widget\" data-e-type=\"widget\" data-widget_type=\"text-editor.default\">\n\t\t\t\t\t\t\t\t\t<p data-start=\"174\" data-end=\"283\"><strong data-start=\"174\" data-end=\"220\">SunBau Contracting Stra\u00dfen- &amp; Tiefbau GmbH<\/strong><br data-start=\"220\" data-end=\"223\" \/>\u00a0Frankenstr. 152 | 90461 Nuremberg<\/p><p data-start=\"285\" data-end=\"388\">Telefon: +49 (0)911 23 790<br data-start=\"321\" data-end=\"324\" \/>E-Mail: <a class=\"decorated-link cursor-pointer\" rel=\"noopener\" data-start=\"332\" data-end=\"358\">info@sunbaufiber.com<\/a><br data-start=\"358\" data-end=\"361\" \/>Web: sunbaufiber.com<\/p><p data-start=\"390\" data-end=\"483\"><strong data-start=\"390\" data-end=\"436\">Management \/ Authorized Representatives:<\/strong><\/p><p>Erg\u00fcnes, Ismail, Ankara \/ T\u00fcrkei<\/p><p>G\u00fcrcay, Rasim Bora, Istanbul \/ T\u00fcrkei<\/p><p>Thomas, Christoph, M\u00fcnchen<\/p><p>G\u00fcnes, Haydar, Lauf a.d. Pegnitz, OT Bullach<\/p><div class=\"item\"><div class=\"ui grey horizontal circular source label\" title=\"Unternehmenstr\u00e4ger im Handelsregister\">Ut<\/div>Amtsgericht N\u00fcrnberg HRB 35322<\/div><div class=\"former item\"><i class=\"middle aligned exchange icon\" title=\"auch \/ vormals\"><\/i><div class=\"content\"><div class=\"ui grey horizontal circular source label\" title=\"Unternehmenstr\u00e4ger im Handelsregister\">Ut<\/div>\u00a0Amtsgericht K\u00f6ln HRB 88639<\/div><\/div><div class=\"item\"><div class=\"ui grey horizontal circular source label\">EUID<\/div><\/div><p data-start=\"485\" data-end=\"566\"><strong data-start=\"708\" data-end=\"728\">Disclaimer:<\/strong><\/p><p data-start=\"708\" data-end=\"924\">Despite careful control of the content, we assume no liability for the content of external links. The operators of the linked sites are solely responsible for their content.<\/p><p data-start=\"926\" data-end=\"1059\"><strong data-start=\"926\" data-end=\"942\">Data protection:<\/strong><br data-start=\"942\" data-end=\"945\" \/>Information on how personal data is handled can be found in our Privacy Policy<\/p>\t\t\t\t\t\t\t\t<\/div>\n\t\t\t\t\t<\/div>\n\t\t\t\t<\/div>\n\t\t\t\t<\/div>","protected":false},"excerpt":{"rendered":"<p>SunBau Contracting Stra\u00dfen- &amp; Tiefbau GmbH\u00a0Frankenstr. 152 | 90461 Nuremberg Telefon: +49 (0)911 23 790E-Mail: info@sunbaufiber.comWeb: sunbaufiber.com Gesch\u00e4ftsf\u00fchrung \/ Vertretungsberechtigte: Erg\u00fcnes, Ismail, Ankara \/ T\u00fcrkei G\u00fcrcay, Rasim Bora, Istanbul \/ T\u00fcrkei Thomas, Christoph, M\u00fcnchen G\u00fcnes, Haydar, Lauf a.d. Pegnitz, OT Bullach UtAmtsgericht N\u00fcrnberg HRB 35322Ut\u00a0Amtsgericht K\u00f6ln HRB 88639EUID Haftungshinweis: Trotz sorgf\u00e4ltiger inhaltlicher Kontrolle \u00fcbernehmen wir [&hellip;]<\/p>\n","protected":false},"author":1,"featured_media":0,"parent":0,"menu_order":0,"comment_status":"closed","ping_status":"closed","template":"","meta":{"footnotes":""},"class_list":["post-305","page","type-page","status-publish","hentry"],"_links":{"self":[{"href":"https:\/\/sunbaufiber.com\/en\/wp-json\/wp\/v2\/pages\/305","targetHints":{"allow":["GET"]}}],"collection":[{"href":"https:\/\/sunbaufiber.com\/en\/wp-json\/wp\/v2\/pages"}],"about":[{"href":"https:\/\/sunbaufiber.com\/en\/wp-json\/wp\/v2\/types\/page"}],"author":[{"embeddable":true,"href":"https:\/\/sunbaufiber.com\/en\/wp-json\/wp\/v2\/users\/1"}],"replies":[{"embeddable":true,"href":"https:\/\/sunbaufiber.com\/en\/wp-json\/wp\/v2\/comments?post=305"}],"version-history":[{"count":0,"href":"https:\/\/sunbaufiber.com\/en\/wp-json\/wp\/v2\/pages\/305\/revisions"}],"wp:attachment":[{"href":"https:\/\/sunbaufiber.com\/en\/wp-json\/wp\/v2\/media?parent=305"}],"curies":[{"name":"wp","href":"https:\/\/api.w.org\/{rel}","templated":true}]}}